{"id":50,"date":"2021-04-30T22:15:52","date_gmt":"2021-04-30T20:15:52","guid":{"rendered":"http:\/\/levivierdesloges.com\/?page_id=50"},"modified":"2021-08-07T17:39:08","modified_gmt":"2021-08-07T15:39:08","slug":"gites","status":"publish","type":"page","link":"https:\/\/levivierdesloges.com\/index.php\/gites\/","title":{"rendered":"G\u00eetes"},"content":{"rendered":"\n<p>Venez profiter de nos deux charmants g\u00eetes de caract\u00e8re \u00e0 seulement 800m de tous commerces (\u00e9picerie, boucherie, boulangerie, bar, tabac-presse, pharmacie, banque, etc.).<br>Id\u00e9alement situ\u00e9 pour d\u00e9couvrir en famille ou entre amis de nombreux sites touristiques et activit\u00e9s de loisirs (Puy du Fou \u00e0 50km, La Rochelle \u00e0 70km, les c\u00f4tes vend\u00e9ennes \u00e0 80km\u2026).<\/p>\n\n\n\n<div class=\"wp-block-columns\">\n<div class=\"wp-block-column\" style=\"flex-basis:20%\">\n<figure class=\"wp-block-image size-large\"><img loading=\"lazy\" width=\"1920\" height=\"2560\" src=\"https:\/\/levivierdesloges.com\/wp-content\/uploads\/2021\/08\/DSC_0083-edited-scaled.jpg\" alt=\"\" class=\"wp-image-367\" srcset=\"https:\/\/levivierdesloges.com\/wp-content\/uploads\/2021\/08\/DSC_0083-edited-scaled.jpg 1920w, https:\/\/levivierdesloges.com\/wp-content\/uploads\/2021\/08\/DSC_0083-edited-225x300.jpg 225w, https:\/\/levivierdesloges.com\/wp-content\/uploads\/2021\/08\/DSC_0083-edited-768x1024.jpg 768w, https:\/\/levivierdesloges.com\/wp-content\/uploads\/2021\/08\/DSC_0083-edited-1152x1536.jpg 1152w, https:\/\/levivierdesloges.com\/wp-content\/uploads\/2021\/08\/DSC_0083-edited-1536x2048.jpg 1536w\" sizes=\"(max-width: 1920px) 100vw, 1920px\" \/><\/figure>\n<\/div>\n\n\n\n<div class=\"wp-block-column\" style=\"flex-basis:66.66%\">\n<h2>La Roseraie<\/h2>\n\n\n\n<p>G\u00eete pour 6 personnes avec 3 chambres, terrasse et jardin privatifs.<\/p>\n\n\n\n<div class=\"wp-block-buttons\">\n<div class=\"wp-block-button\"><a class=\"wp-block-button__link\" href=\"http:\/\/levivierdesloges.com\/index.php\/gites\/gite-roseraie\/\">En savoir plus sur ce g\u00eete<\/a><\/div>\n<\/div>\n<\/div>\n<\/div>\n\n\n\n<div class=\"wp-block-columns\">\n<div class=\"wp-block-column\" style=\"flex-basis:80%\">\n<h2 class=\"has-text-align-right\">L&rsquo;Oliveraie<\/h2>\n\n\n\n<p class=\"has-text-align-right\">G\u00eete pour 2 personnes avec 1 chambre et terrasse privative.<\/p>\n\n\n\n<div class=\"wp-block-buttons is-content-justification-right\">\n<div class=\"wp-block-button\"><a class=\"wp-block-button__link\" href=\"http:\/\/levivierdesloges.com\/index.php\/gites\/gite-oliveraie\/\">En savoir plus sur ce g\u00eete<\/a><\/div>\n<\/div>\n<\/div>\n\n\n\n<div class=\"wp-block-column\" style=\"flex-basis:20%\">\n<figure class=\"wp-block-image size-large\"><img loading=\"lazy\" width=\"1912\" height=\"2560\" src=\"https:\/\/levivierdesloges.com\/wp-content\/uploads\/2021\/08\/20210607_093651-edited-scaled.jpg\" alt=\"G\u00eete l'Oliveraie - Entr\u00e9e\" class=\"wp-image-388\" srcset=\"https:\/\/levivierdesloges.com\/wp-content\/uploads\/2021\/08\/20210607_093651-edited-scaled.jpg 1912w, https:\/\/levivierdesloges.com\/wp-content\/uploads\/2021\/08\/20210607_093651-edited-224x300.jpg 224w, https:\/\/levivierdesloges.com\/wp-content\/uploads\/2021\/08\/20210607_093651-edited-765x1024.jpg 765w, https:\/\/levivierdesloges.com\/wp-content\/uploads\/2021\/08\/20210607_093651-edited-768x1028.jpg 768w, https:\/\/levivierdesloges.com\/wp-content\/uploads\/2021\/08\/20210607_093651-edited-1147x1536.jpg 1147w, https:\/\/levivierdesloges.com\/wp-content\/uploads\/2021\/08\/20210607_093651-edited-1529x2048.jpg 1529w\" sizes=\"(max-width: 1912px) 100vw, 1912px\" \/><\/figure>\n<\/div>\n<\/div>\n","protected":false},"excerpt":{"rendered":"<p>Venez profiter de nos deux charmants g\u00eetes de caract\u00e8re \u00e0 seulement 800m de tous commerces (\u00e9picerie, boucherie, boulangerie, bar, tabac-presse, pharmacie, banque, etc.).Id\u00e9alement situ\u00e9 pour d\u00e9couvrir en famille ou entre amis de nombreux sites touristiques et activit\u00e9s de loisirs (Puy du Fou \u00e0 50km, La Rochelle \u00e0 70km, les c\u00f4tes vend\u00e9ennes \u00e0 80km\u2026). La Roseraie [&hellip;]<\/p>\n","protected":false},"author":1,"featured_media":0,"parent":0,"menu_order":0,"comment_status":"closed","ping_status":"closed","template":"","meta":[],"_links":{"self":[{"href":"https:\/\/levivierdesloges.com\/index.php\/wp-json\/wp\/v2\/pages\/50"}],"collection":[{"href":"https:\/\/levivierdesloges.com\/index.php\/wp-json\/wp\/v2\/pages"}],"about":[{"href":"https:\/\/levivierdesloges.com\/index.php\/wp-json\/wp\/v2\/types\/page"}],"author":[{"embeddable":true,"href":"https:\/\/levivierdesloges.com\/index.php\/wp-json\/wp\/v2\/users\/1"}],"replies":[{"embeddable":true,"href":"https:\/\/levivierdesloges.com\/index.php\/wp-json\/wp\/v2\/comments?post=50"}],"version-history":[{"count":20,"href":"https:\/\/levivierdesloges.com\/index.php\/wp-json\/wp\/v2\/pages\/50\/revisions"}],"predecessor-version":[{"id":389,"href":"https:\/\/levivierdesloges.com\/index.php\/wp-json\/wp\/v2\/pages\/50\/revisions\/389"}],"wp:attachment":[{"href":"https:\/\/levivierdesloges.com\/index.php\/wp-json\/wp\/v2\/media?parent=50"}],"curies":[{"name":"wp","href":"https:\/\/api.w.org\/{rel}","templated":true}]}}